{"id":5297,"date":"2013-02-10T17:20:54","date_gmt":"2013-02-10T15:20:54","guid":{"rendered":"http:\/\/tronic.fr\/maitronaute\/?page_id=5297"},"modified":"2014-02-19T20:42:03","modified_gmt":"2014-02-19T18:42:03","slug":"la-campagne-de-russie-1812","status":"publish","type":"page","link":"https:\/\/saturna.fr\/maitronaute\/histoire-page\/la-campagne-de-russie-1812\/","title":{"rendered":"La Campagne de Russie (1812)"},"content":{"rendered":"<p><img loading=\"lazy\" decoding=\"async\" class=\"alignnone size-full wp-image-5298\" title=\"retraite_Moscou_Adolph_Northern\" src=\"http:\/\/tronic.fr\/blog\/wp-content\/uploads\/2013\/02\/retraite_Moscou_Adolph_Northern.jpg\" alt=\"\" width=\"425\" height=\"302\" \/><\/p>\n<p>En 1812 Napol\u00e9on \u00e9tait au sommet de son r\u00e8gne avec toutes les nations d\u2019Europe  continentale sous son contr\u00f4le (\u00e0 l&rsquo;exception de l&rsquo;Espagne et du Portugal), ou sous le contr\u00f4le de nations vaincues par son empire. Mais en 1812 le tsar russe <strong><a title=\"Alexandre Ier de Russie\" href=\"http:\/\/fr.wikipedia.org\/wiki\/Alexandre_Ier_de_Russie\" target=\"_blank\">Alexandre I<sup>er<\/sup><\/a><\/strong> d\u00e9cide de lever le <span style=\"color: #ff6600;\"><strong>blocus continental<\/strong><\/span> qui emp\u00eachait le Royaume-Uni de <strong><span style=\"color: #ff6600;\">commercer <\/span><\/strong>avec le reste de l&rsquo;Europe. D\u00e9marre alors la <strong>campagne de Russie<\/strong> de 1812 (<a title=\"Campagne militaire\" href=\"http:\/\/fr.wikipedia.org\/wiki\/Campagne_militaire\" target=\"_blank\">campagne militaire<\/a>) men\u00e9e par l\u2019empereur <a title=\"Napol\u00e9on Ier\" href=\"http:\/\/fr.wikipedia.org\/wiki\/Napol%C3%A9on_Ier\" target=\"_blank\">Napol\u00e9on I<sup>er<\/sup><\/a> .<\/p>\n<p>Le <span style=\"color: #339966;\">24 juin 1812<\/span>, la <a title=\"Grande Arm\u00e9e (Premier Empire)\" href=\"http:\/\/fr.wikipedia.org\/wiki\/Grande_Arm%C3%A9e_%28Premier_Empire%29\">Grande Arm\u00e9e<\/a> (qui comprend 691\u00a0500 hommes) franchit le <span style=\"color: #339966;\"><em><abbr title=\"Ni\u00e9men : fleuve important d'Europe de l'Est coulant sur les territoires de la Bi\u00e9lorussie, de la Lituanie et de la Russie.\">Ni\u00e9men<\/abbr><\/em><\/span> et envahit la Russie sans d\u00e9claration de guerre pr\u00e9alable. L&rsquo;arm\u00e9e se dirige vers <a title=\"Moscou\" href=\"http:\/\/fr.wikipedia.org\/wiki\/Moscou\">Moscou<\/a>.<\/p>\n<p>Napol\u00e9on tente d\u2019encercler les deux arm\u00e9es russes mais elles se d\u00e9robent  en faisant le vide devant la Grande Arm\u00e9e par<strong> la tactique de la terre  br\u00fbl\u00e9e<\/strong>. Apr\u00e8s deux mois de marches \u00e9puisantes, l\u2019Empereur arrive pr\u00e8s de  Moscou sans avoir obtenu de succ\u00e8s d\u00e9cisif ; en revanche, les maladies  et surtout les d\u00e9sertions lui ont enlev\u00e9 plus de 150 000 hommes et il a  perdu la plus grande partie de ses chevaux.<\/p>\n<p><span style=\"color: #808000;\"><strong>La prise de Moscou (septembre 1812)<\/strong><\/span><\/p>\n<p>Le 14 septembre, Napol\u00e9on fait son entr\u00e9e dans Moscou<a title=\"Tsarat de Russie\" href=\"http:\/\/fr.wikipedia.org\/wiki\/Tsarat_de_Russie\"><\/a>. La ville est d\u00e9serte, vid\u00e9e de toute provision par le gouverneur, <a title=\"F\u00e9dor Rostoptchine\" href=\"http:\/\/fr.wikipedia.org\/wiki\/F%C3%A9dor_Rostoptchine\">F\u00e9dor Rostoptchine<\/a> (p\u00e8re de la c\u00e9l\u00e8bre comtesse de S\u00e9gur). Le lendemain il s\u2019\u00e9tablit au <a title=\"Kremlin\" href=\"http:\/\/fr.wikipedia.org\/wiki\/Kremlin\">Kremlin<\/a>, palais des <a title=\"Tsar\" href=\"http:\/\/fr.wikipedia.org\/wiki\/Tsar\">tsars<\/a>, situ\u00e9 au milieu de la ville.<\/p>\n<p>En se basant sur les r\u00e8gles classiques de la guerre lors de la prise  d\u2019une capitale (m\u00eame si <strong>Saint-P\u00e9tersbourg<\/strong> \u00e9tait la capitale de la Russie \u00e0 cette  \u00e9poque), il pensait que le tsar Alexandre I<sup>er<\/sup> lui offrirait sa capitulation,  mais le commandement russe ne se rendit pas. Un armistice avait \u00e9t\u00e9  accord\u00e9 aux Russes, et Napol\u00e9on, au milieu de ses triomphes, fit  proposer la paix \u00e0 Alexandre\u00a0: il en re\u00e7ut des r\u00e9ponses \u00e9vasives, qui,  n\u00e9anmoins, faisaient esp\u00e9rer qu\u2019on pourrait tomber d\u2019accord.<\/p>\n<p>Des feux d\u00e9marrent \u00e0 Moscou, et <strong><span style=\"color: #888888;\">ravagent la ville du 14 au 18 septembre 1812<\/span><\/strong>.  Moscou br\u00fble presque compl\u00e8tement,  privant les Fran\u00e7ais d\u2019abris dans la ville. Les incendies viennent de  sabotages russes. \u00c0 un signal donn\u00e9, le feu \u00e9clate dans mille endroits \u00e0  la fois. C\u2019est en vain que les Fran\u00e7ais font tous leurs efforts pour  \u00e9teindre l\u2019incendie\u00a0: le ravage des flammes ne s\u2019arr\u00eate que dans la  soir\u00e9e du 20 septembre, lorsque les neuf dixi\u00e8mes de la ville sont en  cendres.<\/p>\n<div id=\"attachment_5301\" style=\"width: 710px\" class=\"wp-caption alignnone\"><a href=\"http:\/\/tronic.fr\/blog\/wp-content\/uploads\/2013\/02\/Napoleon_Moscow_Fire.jpg\"><img loading=\"lazy\" decoding=\"async\" aria-describedby=\"caption-attachment-5301\" class=\"size-large wp-image-5301\" title=\"Napoleon_Moscow_Fire\" src=\"http:\/\/tronic.fr\/blog\/wp-content\/uploads\/2013\/02\/Napoleon_Moscow_Fire-700x596.jpg\" alt=\"\" width=\"700\" height=\"596\" \/><\/a><p id=\"caption-attachment-5301\" class=\"wp-caption-text\">Les Fran\u00e7ais \u00e0 Moscou<\/p><\/div>\n<p><span style=\"color: #808000;\"><strong>La retraite (octobre 1812)<\/strong><\/span><\/p>\n<p>Si\u00e9geant dans une ville en ruines <strong><span style=\"color: #ff6600;\">Napol\u00e9on est oblig\u00e9 d&rsquo;ordonner la retraite vers la France<\/span><\/strong> le 18 octobre. Approvisionner l\u2019arm\u00e9e devient impossible\u00a0: le manque total d\u2019herbe  comestible affaiblit les chevaux restants de l\u2019arm\u00e9e, presque tous  meurent ou sont tu\u00e9s pour nourrir les soldats affam\u00e9s. Sans chevaux, la  cavalerie fran\u00e7aise cesse d\u2019exister, et les cavaliers doivent marcher, les canons et les chariots doivent \u00eatre abandonn\u00e9s, privant l\u2019arm\u00e9e d\u2019artillerie.<strong><span style=\"color: #ff6600;\"> L&rsquo;arm\u00e9e subit la famine, les maladies et le froid extr\u00eame et sont harcel\u00e9s par l&rsquo;arm\u00e9e russe<\/span><\/strong>. Les  d\u00e9sertions prennent alors de l\u2019ampleur. Le 7 novembre, alors qu\u2019ils atteignent <a title=\"Smolensk\" href=\"http:\/\/fr.wikipedia.org\/wiki\/Smolensk\">Smolensk<\/a>,  commencent les grands froids de l\u2019hiver russe\u00a0; le thermom\u00e8tre descend  jusqu\u2019\u00e0 -22 \u00b0C et le sol se couvre de neige. Les soldats et les chevaux commencent \u00e0 mourir de faim, de froid et de fatigue durant la marche.<\/p>\n<div id=\"attachment_5300\" style=\"width: 650px\" class=\"wp-caption alignnone\"><a href=\"http:\/\/tronic.fr\/blog\/wp-content\/uploads\/2013\/02\/Prianishnikov_1812.jpg\"><img loading=\"lazy\" decoding=\"async\" aria-describedby=\"caption-attachment-5300\" class=\"size-full wp-image-5300\" title=\"Prianishnikov_1812\" src=\"http:\/\/tronic.fr\/blog\/wp-content\/uploads\/2013\/02\/Prianishnikov_1812.jpg\" alt=\"\" width=\"640\" height=\"370\" \/><\/a><p id=\"caption-attachment-5300\" class=\"wp-caption-text\">En 1812, par Illarion Pryanichnikov<\/p><\/div>\n<p><span style=\"color: #808000;\"><strong>La B\u00e9r\u00e9zina (novembre 1812)<\/strong><\/span><\/p>\n<p>Finalement, l\u2019arm\u00e9e, avan\u00e7ant \u00e0 marches forc\u00e9es, arriva le 25 novembre sur la <a title=\"B\u00e9r\u00e9zina\" href=\"http:\/\/fr.wikipedia.org\/wiki\/B%C3%A9r%C3%A9zina\">B\u00e9r\u00e9zina<\/a> (rivi\u00e8re de Bi\u00e9lorussie), sur laquelle Napol\u00e9on fit construire des ponts. La <strong>bataille de la B\u00e9r\u00e9zina<\/strong> a lieu du 26 au 29 novembre 1812. L&rsquo;arm\u00e9e fran\u00e7aise est victorieuse  mais Napol\u00e9on perd beaucoup d&rsquo;hommes lors de cette bataille. Les Russes  ayant \u00e9t\u00e9 repouss\u00e9s, tous les Fran\u00e7ais en arme peuvent  franchir les  ponts. Seuls restent de l\u2019autre c\u00f4t\u00e9 les malades, les  bless\u00e9s et les  d\u00e9serteurs\u00a0; ceux-l\u00e0 m\u00eame qui, par abattement et  d\u00e9sespoir, ont refus\u00e9  de passer les ponts durant la nuit pr\u00e9c\u00e9dant la  bataille et qui ensuite  se sont bouscul\u00e9s dans une cohue indescriptible  au dernier moment  (d\u2019o\u00f9 l\u2019expression proverbiale\u00a0: \u00ab\u00a0c\u2019est la  B\u00e9r\u00e9zina\u00a0\u00bb). Certains se  sont noy\u00e9s dans la rivi\u00e8re, en tentant de la  traverser \u00e0 pied, car  l\u2019\u00e9paisseur de la glace n\u2019\u00e9tait pas suffisante  pour supporter leur  poids.<\/p>\n<div id=\"attachment_5299\" style=\"width: 710px\" class=\"wp-caption alignnone\"><a href=\"http:\/\/tronic.fr\/blog\/wp-content\/uploads\/2013\/02\/Berezyna.jpg\"><img loading=\"lazy\" decoding=\"async\" aria-describedby=\"caption-attachment-5299\" class=\"size-large wp-image-5299\" title=\"Berezyna\" src=\"http:\/\/tronic.fr\/blog\/wp-content\/uploads\/2013\/02\/Berezyna-700x405.jpg\" alt=\"\" width=\"700\" height=\"405\" \/><\/a><p id=\"caption-attachment-5299\" class=\"wp-caption-text\">Napol\u00e9on traversant la B\u00e9r\u00e9zina de Janvier Suchodolski (1866)<\/p><\/div>\n<p><span style=\"color: #808000;\"><strong>La retour \u00e0 Paris (d\u00e9cembre 1812)<\/strong><\/span><\/p>\n<p>D\u00e9but d\u00e9cembre 1812, Napol\u00e9on apprend que le g\u00e9n\u00e9ral <a title=\"Claude Fran\u00e7ois de Malet\" href=\"http:\/\/fr.wikipedia.org\/wiki\/Claude_Fran%C3%A7ois_de_Malet\">Malet<\/a> a tent\u00e9 un coup d&rsquo;\u00c9tat.<\/p>\n<p>Napol\u00e9on donne ses instructions et le commandement des troupes \u00e0 <a title=\"Murat\" href=\"http:\/\/fr.wikipedia.org\/wiki\/Murat\">Murat<\/a>, et part pour Paris. Napol\u00e9on abandonne son arm\u00e9e et rentre en tra\u00eeneau. Murat d\u00e9serte plus tard pour sauver son <a title=\"Royaume de Naples\" href=\"http:\/\/fr.wikipedia.org\/wiki\/Royaume_de_Naples\">royaume de Naples<\/a>, laissant le vice-roi d&rsquo;Italie et premier beau-fils de Napol\u00e9on, <a title=\"Eug\u00e8ne de Beauharnais\" href=\"http:\/\/fr.wikipedia.org\/wiki\/Eug%C3%A8ne_de_Beauharnais\">Eug\u00e8ne de Beauharnais<\/a>, aux commandes.<\/p>\n<div id=\"attachment_5365\" style=\"width: 301px\" class=\"wp-caption alignnone\"><a href=\"http:\/\/tronic.fr\/blog\/wp-content\/uploads\/2013\/02\/general-malet.jpg\"><img loading=\"lazy\" decoding=\"async\" aria-describedby=\"caption-attachment-5365\" class=\"size-full wp-image-5365 \" title=\"general-malet\" src=\"http:\/\/tronic.fr\/blog\/wp-content\/uploads\/2013\/02\/general-malet.jpg\" alt=\"\" width=\"291\" height=\"411\" \/><\/a><p id=\"caption-attachment-5365\" class=\"wp-caption-text\">G\u00e9n\u00e9ral Malet<\/p><\/div>\n<p><span style=\"color: #808000;\"><strong>Bilan de la campagne de Russie<\/strong><\/span><\/p>\n<p>Environ 200\u00a0000 morts (la moiti\u00e9 au combat et le reste de  froid, de faim ou de maladie) et 150\u00a0000 \u00e0 190\u00a0000 prisonniers  tomb\u00e9s entre les mains des russes. Pour le reste, 130\u00a0000 soldats  quitt\u00e8rent la Grande Arm\u00e9e au cours de la marche sur Moscou et pr\u00e8s de  60\u00a0000 se r\u00e9fugi\u00e8rent chez des paysans, nobles et bourgeois russes.<\/p>\n","protected":false},"excerpt":{"rendered":"<p>En 1812 Napol\u00e9on \u00e9tait au sommet de son r\u00e8gne avec toutes les nations d\u2019Europe continentale sous son contr\u00f4le (\u00e0 l&rsquo;exception de l&rsquo;Espagne et du Portugal), ou sous le contr\u00f4le de nations vaincues par son&#46;&#46;&#46;<\/p>\n","protected":false},"author":2,"featured_media":0,"parent":5307,"menu_order":0,"comment_status":"closed","ping_status":"closed","template":"","meta":{"footnotes":""},"class_list":["post-5297","page","type-page","status-publish","hentry"],"_links":{"self":[{"href":"https:\/\/saturna.fr\/maitronaute\/wp-json\/wp\/v2\/pages\/5297","targetHints":{"allow":["GET"]}}],"collection":[{"href":"https:\/\/saturna.fr\/maitronaute\/wp-json\/wp\/v2\/pages"}],"about":[{"href":"https:\/\/saturna.fr\/maitronaute\/wp-json\/wp\/v2\/types\/page"}],"author":[{"embeddable":true,"href":"https:\/\/saturna.fr\/maitronaute\/wp-json\/wp\/v2\/users\/2"}],"replies":[{"embeddable":true,"href":"https:\/\/saturna.fr\/maitronaute\/wp-json\/wp\/v2\/comments?post=5297"}],"version-history":[{"count":0,"href":"https:\/\/saturna.fr\/maitronaute\/wp-json\/wp\/v2\/pages\/5297\/revisions"}],"up":[{"embeddable":true,"href":"https:\/\/saturna.fr\/maitronaute\/wp-json\/wp\/v2\/pages\/5307"}],"wp:attachment":[{"href":"https:\/\/saturna.fr\/maitronaute\/wp-json\/wp\/v2\/media?parent=5297"}],"curies":[{"name":"wp","href":"https:\/\/api.w.org\/{rel}","templated":true}]}}