{"id":61,"date":"2014-04-17T12:52:29","date_gmt":"2014-04-17T10:52:29","guid":{"rendered":"http:\/\/tronic.fr\/maitronaute\/?page_id=61"},"modified":"2015-03-04T08:38:39","modified_gmt":"2015-03-04T06:38:39","slug":"contact","status":"publish","type":"page","link":"https:\/\/saturna.fr\/maitronaute\/contact\/","title":{"rendered":"CONTACT"},"content":{"rendered":"<p><strong>Professeur des \u00e9coles<\/strong> dans le Val-de-Marne (94), je partage mon travail sur le web depuis <strong>septembre 2008<\/strong> gr\u00e2ce au blog <span style=\"color: #00ccff;\"><strong>Maitronaute<\/strong><\/span>.<br \/>\nAu fil des ann\u00e9es, je me suis aper\u00e7u \u00e0 travers les commentaires qu&rsquo;il \u00e9tait utilis\u00e9 par des enseignants, mais aussi par des parents d&rsquo;\u00e9l\u00e8ves et des enfants.<\/p>\n<hr \/>\n<p>Le blog a chang\u00e9 d&rsquo;adresse web depuis le 16 avril 2014. Il est maintenant h\u00e9berg\u00e9 sur le nom de domaine <strong>tronic.fr<\/strong> .<br \/>\nVous pouvez me contacter en envoyant un message \u00e0 <a href=\"maitronaute@gmail.com\"><strong>maitronaute@gmail.com<\/strong><\/a><\/p>\n","protected":false},"excerpt":{"rendered":"<p>Professeur des \u00e9coles dans le Val-de-Marne (94), je partage mon travail sur le web depuis septembre 2008 gr\u00e2ce au blog Maitronaute. Au fil des ann\u00e9es, je me suis aper\u00e7u \u00e0 travers les commentaires qu&rsquo;il&#46;&#46;&#46;<\/p>\n","protected":false},"author":1,"featured_media":7246,"parent":0,"menu_order":0,"comment_status":"open","ping_status":"closed","template":"","meta":{"footnotes":""},"class_list":["post-61","page","type-page","status-publish","has-post-thumbnail","hentry"],"_links":{"self":[{"href":"https:\/\/saturna.fr\/maitronaute\/wp-json\/wp\/v2\/pages\/61","targetHints":{"allow":["GET"]}}],"collection":[{"href":"https:\/\/saturna.fr\/maitronaute\/wp-json\/wp\/v2\/pages"}],"about":[{"href":"https:\/\/saturna.fr\/maitronaute\/wp-json\/wp\/v2\/types\/page"}],"author":[{"embeddable":true,"href":"https:\/\/saturna.fr\/maitronaute\/wp-json\/wp\/v2\/users\/1"}],"replies":[{"embeddable":true,"href":"https:\/\/saturna.fr\/maitronaute\/wp-json\/wp\/v2\/comments?post=61"}],"version-history":[{"count":4,"href":"https:\/\/saturna.fr\/maitronaute\/wp-json\/wp\/v2\/pages\/61\/revisions"}],"predecessor-version":[{"id":7348,"href":"https:\/\/saturna.fr\/maitronaute\/wp-json\/wp\/v2\/pages\/61\/revisions\/7348"}],"wp:featuredmedia":[{"embeddable":true,"href":"https:\/\/saturna.fr\/maitronaute\/wp-json\/wp\/v2\/media\/7246"}],"wp:attachment":[{"href":"https:\/\/saturna.fr\/maitronaute\/wp-json\/wp\/v2\/media?parent=61"}],"curies":[{"name":"wp","href":"https:\/\/api.w.org\/{rel}","templated":true}]}}