{"id":6551,"date":"2014-01-24T18:54:12","date_gmt":"2014-01-24T16:54:12","guid":{"rendered":"http:\/\/tronic.fr\/maitronaute\/?page_id=6551"},"modified":"2014-01-29T10:41:15","modified_gmt":"2014-01-29T08:41:15","slug":"asteroide","status":"publish","type":"page","link":"https:\/\/saturna.fr\/maitronaute\/astronomie\/systeme-solaire\/asteroide\/","title":{"rendered":"Ast\u00e9ro\u00efde"},"content":{"rendered":"<p>Un <b>ast\u00e9ro\u00efde<\/b> est un petit corps du Syst\u00e8me solaire <span style=\"color: #ff6600;\"><strong>compos\u00e9 de roche, de m\u00e9taux et de glace<\/strong><\/span>, de forme irr\u00e9guli\u00e8re et dont les dimensions varient de quelques dizaines de m\u00e8tres \u00e0 plusieurs centaines de kilom\u00e8tres.<\/p>\n<div id=\"attachment_6552\" style=\"width: 710px\" class=\"wp-caption alignnone\"><a href=\"http:\/\/tronic.fr\/blog\/wp-content\/uploads\/2014\/01\/243_ida.jpg\"><img loading=\"lazy\" decoding=\"async\" aria-describedby=\"caption-attachment-6552\" class=\"size-large wp-image-6552\" alt=\"(243) Ida ainsi que sa lune Dactyl. Dactyl est la premi\u00e8re lune ast\u00e9ro\u00efdale \u00e0 avoir \u00e9t\u00e9 d\u00e9couverte.\" src=\"http:\/\/tronic.fr\/blog\/wp-content\/uploads\/2014\/01\/243_ida-700x506.jpg\" width=\"700\" height=\"506\" \/><\/a><p id=\"caption-attachment-6552\" class=\"wp-caption-text\"><strong>L&rsquo;ast\u00e9ro\u00efde <span style=\"color: #ff6600;\">(243) Ida<\/span> ainsi que sa lune Dactyl.<\/strong><\/p><\/div>\n<p>On d\u00e9nombre actuellement <span style=\"color: #ff6600;\"><strong>plus de 560\u00a0000 ast\u00e9ro\u00efdes<\/strong><\/span> dans le syst\u00e8me solaire. Une grande partie de ces ast\u00e9ro\u00efdes \u00e9volue sur une orbite situ\u00e9e entre Mars et Jupiter\u00a0: <a title=\"La ceinture d'ast\u00e9ro\u00efdes\" href=\"http:\/\/tronic.fr\/maitronaute\/index.php\/astronomie\/systeme-solaire\/ceinture-dasteroides\/\"><strong>la ceinture d\u2019ast\u00e9ro\u00efdes<\/strong><\/a>.<\/p>\n","protected":false},"excerpt":{"rendered":"<p>Un ast\u00e9ro\u00efde est un petit corps du Syst\u00e8me solaire compos\u00e9 de roche, de m\u00e9taux et de glace, de forme irr\u00e9guli\u00e8re et dont les dimensions varient de quelques dizaines de m\u00e8tres \u00e0 plusieurs centaines de&#46;&#46;&#46;<\/p>\n","protected":false},"author":2,"featured_media":0,"parent":6543,"menu_order":0,"comment_status":"closed","ping_status":"closed","template":"","meta":{"footnotes":""},"class_list":["post-6551","page","type-page","status-publish","hentry"],"_links":{"self":[{"href":"https:\/\/saturna.fr\/maitronaute\/wp-json\/wp\/v2\/pages\/6551","targetHints":{"allow":["GET"]}}],"collection":[{"href":"https:\/\/saturna.fr\/maitronaute\/wp-json\/wp\/v2\/pages"}],"about":[{"href":"https:\/\/saturna.fr\/maitronaute\/wp-json\/wp\/v2\/types\/page"}],"author":[{"embeddable":true,"href":"https:\/\/saturna.fr\/maitronaute\/wp-json\/wp\/v2\/users\/2"}],"replies":[{"embeddable":true,"href":"https:\/\/saturna.fr\/maitronaute\/wp-json\/wp\/v2\/comments?post=6551"}],"version-history":[{"count":0,"href":"https:\/\/saturna.fr\/maitronaute\/wp-json\/wp\/v2\/pages\/6551\/revisions"}],"up":[{"embeddable":true,"href":"https:\/\/saturna.fr\/maitronaute\/wp-json\/wp\/v2\/pages\/6543"}],"wp:attachment":[{"href":"https:\/\/saturna.fr\/maitronaute\/wp-json\/wp\/v2\/media?parent=6551"}],"curies":[{"name":"wp","href":"https:\/\/api.w.org\/{rel}","templated":true}]}}