{"id":6557,"date":"2014-01-24T18:53:00","date_gmt":"2014-01-24T16:53:00","guid":{"rendered":"http:\/\/tronic.fr\/maitronaute\/?page_id=6557"},"modified":"2014-02-22T13:38:25","modified_gmt":"2014-02-22T11:38:25","slug":"astronomie","status":"publish","type":"page","link":"https:\/\/saturna.fr\/maitronaute\/astronomie\/","title":{"rendered":"ASTRONOMIE"},"content":{"rendered":"<p><a href=\"http:\/\/tronic.fr\/blog\/wp-content\/uploads\/2014\/01\/jupiter_satellite.jpg\"><img loading=\"lazy\" decoding=\"async\" class=\"alignnone size-large wp-image-6558\" alt=\"jupiter_satellite\" src=\"http:\/\/tronic.fr\/blog\/wp-content\/uploads\/2014\/01\/jupiter_satellite-700x525.jpg\" width=\"700\" height=\"525\" \/><\/a><\/p>\n<ul class=\"children\">\n<li class=\"page_item page-item-6902\"><a href=\"http:\/\/tronic.fr\/maitronaute\/index.php\/astronomie\/lunivers\/\">L\u2019Univers<\/a>\n<ul class=\"children\">\n<li class=\"page_item page-item-6863\"><a href=\"http:\/\/tronic.fr\/maitronaute\/index.php\/astronomie\/lunivers\/constellation\/\">Constellation<\/a><\/li>\n<li class=\"page_item page-item-6896\"><a href=\"http:\/\/tronic.fr\/maitronaute\/index.php\/astronomie\/lunivers\/etoile-soleil\/\">\u00c9toile = soleil<\/a><\/li>\n<li class=\"page_item page-item-6758\"><a href=\"http:\/\/tronic.fr\/maitronaute\/index.php\/astronomie\/lunivers\/galaxie\/\">Galaxie<\/a>\n<ul class=\"children\">\n<li class=\"page_item page-item-6761\"><a href=\"http:\/\/tronic.fr\/maitronaute\/index.php\/astronomie\/lunivers\/galaxie\/voie-lactee\/\">La Voie lact\u00e9e<\/a><\/li>\n<\/ul>\n<\/li>\n<\/ul>\n<\/li>\n<li class=\"page_item page-item-6543\"><a href=\"http:\/\/tronic.fr\/maitronaute\/index.php\/astronomie\/systeme-solaire\/\">Le Syst\u00e8me Solaire<\/a>\n<ul class=\"children\">\n<li class=\"page_item page-item-6551\"><a href=\"http:\/\/tronic.fr\/maitronaute\/index.php\/astronomie\/systeme-solaire\/asteroide\/\">Ast\u00e9ro\u00efde<\/a><\/li>\n<li class=\"page_item page-item-6600\"><a href=\"http:\/\/tronic.fr\/maitronaute\/index.php\/astronomie\/systeme-solaire\/ceinture-dasteroides\/\">Ceinture d\u2019ast\u00e9ro\u00efdes<\/a><\/li>\n<li class=\"page_item page-item-6626\"><a href=\"http:\/\/tronic.fr\/maitronaute\/index.php\/astronomie\/systeme-solaire\/comete\/\">Com\u00e8te<\/a><\/li>\n<li class=\"page_item page-item-6776\"><a href=\"http:\/\/tronic.fr\/maitronaute\/index.php\/astronomie\/systeme-solaire\/jupiter\/\">Jupiter<\/a><\/li>\n<li class=\"page_item page-item-6639\"><a href=\"http:\/\/tronic.fr\/maitronaute\/index.php\/astronomie\/systeme-solaire\/mars\/\">Mars<\/a>\n<ul class=\"children\">\n<li class=\"page_item page-item-6669\"><a href=\"http:\/\/tronic.fr\/maitronaute\/index.php\/astronomie\/systeme-solaire\/mars\/missions-sur-mars\/\">Missions sur Mars<\/a><\/li>\n<\/ul>\n<\/li>\n<li class=\"page_item page-item-6940\"><a href=\"http:\/\/tronic.fr\/maitronaute\/index.php\/astronomie\/systeme-solaire\/meteorite\/\">M\u00e9t\u00e9orite<\/a><\/li>\n<li class=\"page_item page-item-6642\"><a href=\"http:\/\/tronic.fr\/maitronaute\/index.php\/astronomie\/systeme-solaire\/planete\/\">Plan\u00e8te<\/a><\/li>\n<li class=\"page_item page-item-6588\"><a href=\"http:\/\/tronic.fr\/maitronaute\/index.php\/astronomie\/systeme-solaire\/planete-naine\/\">Plan\u00e8te naine<\/a><\/li>\n<li class=\"page_item page-item-6547\"><a href=\"http:\/\/tronic.fr\/maitronaute\/index.php\/astronomie\/systeme-solaire\/satellite-naturel\/\">Satellite naturel<\/a><\/li>\n<li class=\"page_item page-item-6582\"><a href=\"http:\/\/tronic.fr\/maitronaute\/index.php\/astronomie\/systeme-solaire\/voyage-au-coeur-du-systeme-solaire\/\">Vid\u00e9o : le syst\u00e8me solaire<\/a><\/li>\n<\/ul>\n<\/li>\n<li class=\"page_item page-item-6646\"><a href=\"http:\/\/tronic.fr\/maitronaute\/index.php\/astronomie\/lexique\/\">Lexique<\/a><\/li>\n<li class=\"page_item page-item-6888\"><a href=\"http:\/\/tronic.fr\/maitronaute\/index.php\/astronomie\/questions-diverses\/\">Questions diverses<\/a>\n<ul class=\"children\">\n<li class=\"page_item page-item-6779\"><a href=\"http:\/\/tronic.fr\/maitronaute\/index.php\/astronomie\/questions-diverses\/difference-entre-etoile-et-planete\/\">La diff\u00e9rence entre \u00e9toile et plan\u00e8te<\/a><\/li>\n<li class=\"page_item page-item-6884\"><a href=\"http:\/\/tronic.fr\/maitronaute\/index.php\/astronomie\/questions-diverses\/la-distance-entre-les-planetes\/\">La distance entre les plan\u00e8tes<\/a><\/li>\n<li class=\"page_item page-item-6871\"><a href=\"http:\/\/tronic.fr\/maitronaute\/index.php\/astronomie\/questions-diverses\/la-taille-des-astres\/\">La taille des astres<\/a><\/li>\n<\/ul>\n<\/li>\n<\/ul>\n<p><img loading=\"lazy\" decoding=\"async\" src=\"http:\/\/tronic.fr\/blog\/wp-content\/uploads\/2014\/01\/marcheLune.jpg\" alt=\"marcheLune\" width=\"270\" height=\"306\" class=\"alignnone size-full wp-image-7026\" \/><\/p>\n","protected":false},"excerpt":{"rendered":"<p>L\u2019Univers Constellation \u00c9toile = soleil Galaxie La Voie lact\u00e9e Le Syst\u00e8me Solaire Ast\u00e9ro\u00efde Ceinture d\u2019ast\u00e9ro\u00efdes Com\u00e8te Jupiter Mars Missions sur Mars M\u00e9t\u00e9orite Plan\u00e8te Plan\u00e8te naine Satellite naturel Vid\u00e9o : le syst\u00e8me solaire Lexique Questions&#46;&#46;&#46;<\/p>\n","protected":false},"author":2,"featured_media":0,"parent":0,"menu_order":0,"comment_status":"closed","ping_status":"closed","template":"","meta":{"footnotes":""},"class_list":["post-6557","page","type-page","status-publish","hentry"],"_links":{"self":[{"href":"https:\/\/saturna.fr\/maitronaute\/wp-json\/wp\/v2\/pages\/6557","targetHints":{"allow":["GET"]}}],"collection":[{"href":"https:\/\/saturna.fr\/maitronaute\/wp-json\/wp\/v2\/pages"}],"about":[{"href":"https:\/\/saturna.fr\/maitronaute\/wp-json\/wp\/v2\/types\/page"}],"author":[{"embeddable":true,"href":"https:\/\/saturna.fr\/maitronaute\/wp-json\/wp\/v2\/users\/2"}],"replies":[{"embeddable":true,"href":"https:\/\/saturna.fr\/maitronaute\/wp-json\/wp\/v2\/comments?post=6557"}],"version-history":[{"count":0,"href":"https:\/\/saturna.fr\/maitronaute\/wp-json\/wp\/v2\/pages\/6557\/revisions"}],"wp:attachment":[{"href":"https:\/\/saturna.fr\/maitronaute\/wp-json\/wp\/v2\/media?parent=6557"}],"curies":[{"name":"wp","href":"https:\/\/api.w.org\/{rel}","templated":true}]}}