{"id":6582,"date":"2014-01-24T19:15:58","date_gmt":"2014-01-24T17:15:58","guid":{"rendered":"http:\/\/tronic.fr\/maitronaute\/?page_id=6582"},"modified":"2014-01-29T10:36:43","modified_gmt":"2014-01-29T08:36:43","slug":"voyage-au-coeur-du-systeme-solaire","status":"publish","type":"page","link":"https:\/\/saturna.fr\/maitronaute\/astronomie\/systeme-solaire\/voyage-au-coeur-du-systeme-solaire\/","title":{"rendered":"Vid\u00e9o : le syst\u00e8me solaire"},"content":{"rendered":"<p>Voyage au coeur du syst\u00e8me solaire<\/p>\n<p><object width=\"853\" height=\"480\"><param name=\"movie\" value=\"\/\/www.youtube-nocookie.com\/v\/ShOBMB5Qhw4?hl=fr_FR&amp;version=3&amp;rel=0\"><\/param><param name=\"allowFullScreen\" value=\"true\"><\/param><param name=\"allowscriptaccess\" value=\"always\"><\/param><embed src=\"\/\/www.youtube-nocookie.com\/v\/ShOBMB5Qhw4?hl=fr_FR&amp;version=3&amp;rel=0\" type=\"application\/x-shockwave-flash\" width=\"853\" height=\"480\" allowscriptaccess=\"always\" allowfullscreen=\"true\"><\/embed><\/object><\/p>\n","protected":false},"excerpt":{"rendered":"<p>Voyage au coeur du syst\u00e8me solaire<\/p>\n","protected":false},"author":2,"featured_media":0,"parent":6543,"menu_order":0,"comment_status":"closed","ping_status":"closed","template":"","meta":{"footnotes":""},"class_list":["post-6582","page","type-page","status-publish","hentry"],"_links":{"self":[{"href":"https:\/\/saturna.fr\/maitronaute\/wp-json\/wp\/v2\/pages\/6582","targetHints":{"allow":["GET"]}}],"collection":[{"href":"https:\/\/saturna.fr\/maitronaute\/wp-json\/wp\/v2\/pages"}],"about":[{"href":"https:\/\/saturna.fr\/maitronaute\/wp-json\/wp\/v2\/types\/page"}],"author":[{"embeddable":true,"href":"https:\/\/saturna.fr\/maitronaute\/wp-json\/wp\/v2\/users\/2"}],"replies":[{"embeddable":true,"href":"https:\/\/saturna.fr\/maitronaute\/wp-json\/wp\/v2\/comments?post=6582"}],"version-history":[{"count":0,"href":"https:\/\/saturna.fr\/maitronaute\/wp-json\/wp\/v2\/pages\/6582\/revisions"}],"up":[{"embeddable":true,"href":"https:\/\/saturna.fr\/maitronaute\/wp-json\/wp\/v2\/pages\/6543"}],"wp:attachment":[{"href":"https:\/\/saturna.fr\/maitronaute\/wp-json\/wp\/v2\/media?parent=6582"}],"curies":[{"name":"wp","href":"https:\/\/api.w.org\/{rel}","templated":true}]}}