{"id":6639,"date":"2014-01-27T08:47:00","date_gmt":"2014-01-27T06:47:00","guid":{"rendered":"http:\/\/tronic.fr\/maitronaute\/?page_id=6639"},"modified":"2014-01-29T10:43:21","modified_gmt":"2014-01-29T08:43:21","slug":"mars","status":"publish","type":"page","link":"https:\/\/saturna.fr\/maitronaute\/astronomie\/systeme-solaire\/mars\/","title":{"rendered":"Mars"},"content":{"rendered":"<p><a href=\"http:\/\/tronic.fr\/blog\/wp-content\/uploads\/2014\/01\/Mars_atmosphere.jpg\"><img loading=\"lazy\" decoding=\"async\" class=\"alignright size-medium wp-image-6660\" alt=\"Mars_atmosphere\" src=\"http:\/\/tronic.fr\/blog\/wp-content\/uploads\/2014\/01\/Mars_atmosphere-222x250.jpg\" width=\"222\" height=\"250\" \/><\/a><b>Mars<\/b> est la quatri\u00e8me <a title=\"Plan\u00e8te\" href=\"http:\/\/tronic.fr\/maitronaute\/index.php\/astronomie\/systeme-solaire\/plan\u00e8te\/\">plan\u00e8te<\/a> par ordre de distance croissante au Soleil. Son \u00e9loignement au Soleil est compris entre 206,6 et 249,2\u00a0millions de km.<\/p>\n<p>Elle met <span style=\"color: #ff6600;\"><strong>686,71\u00a0jours terrestres<\/strong><\/span> \u00e0 faire le tour du Soleil. C\u2019est une <strong>plan\u00e8te tellurique<\/strong>, comme le sont Mercure, V\u00e9nus et la Terre, environ dix fois moins massive que la Terre.<\/p>\n<p>&nbsp;<\/p>\n<p>&nbsp;<\/p>\n<p><a href=\"http:\/\/tronic.fr\/maitronaute\/index.php\/astronomie\/systeme-solaire\/missions-sur-mars\"><strong>Missions martiennes<\/strong> <\/a><\/p>\n","protected":false},"excerpt":{"rendered":"<p>Mars est la quatri\u00e8me plan\u00e8te par ordre de distance croissante au Soleil. Son \u00e9loignement au Soleil est compris entre 206,6 et 249,2\u00a0millions de km. Elle met 686,71\u00a0jours terrestres \u00e0 faire le tour du Soleil.&#46;&#46;&#46;<\/p>\n","protected":false},"author":2,"featured_media":0,"parent":6543,"menu_order":0,"comment_status":"closed","ping_status":"closed","template":"","meta":{"footnotes":""},"class_list":["post-6639","page","type-page","status-publish","hentry"],"_links":{"self":[{"href":"https:\/\/saturna.fr\/maitronaute\/wp-json\/wp\/v2\/pages\/6639","targetHints":{"allow":["GET"]}}],"collection":[{"href":"https:\/\/saturna.fr\/maitronaute\/wp-json\/wp\/v2\/pages"}],"about":[{"href":"https:\/\/saturna.fr\/maitronaute\/wp-json\/wp\/v2\/types\/page"}],"author":[{"embeddable":true,"href":"https:\/\/saturna.fr\/maitronaute\/wp-json\/wp\/v2\/users\/2"}],"replies":[{"embeddable":true,"href":"https:\/\/saturna.fr\/maitronaute\/wp-json\/wp\/v2\/comments?post=6639"}],"version-history":[{"count":0,"href":"https:\/\/saturna.fr\/maitronaute\/wp-json\/wp\/v2\/pages\/6639\/revisions"}],"up":[{"embeddable":true,"href":"https:\/\/saturna.fr\/maitronaute\/wp-json\/wp\/v2\/pages\/6543"}],"wp:attachment":[{"href":"https:\/\/saturna.fr\/maitronaute\/wp-json\/wp\/v2\/media?parent=6639"}],"curies":[{"name":"wp","href":"https:\/\/api.w.org\/{rel}","templated":true}]}}