{"id":6646,"date":"2014-01-27T08:55:00","date_gmt":"2014-01-27T06:55:00","guid":{"rendered":"http:\/\/tronic.fr\/maitronaute\/?page_id=6646"},"modified":"2014-12-31T12:15:26","modified_gmt":"2014-12-31T10:15:26","slug":"lexique","status":"publish","type":"page","link":"https:\/\/saturna.fr\/maitronaute\/astronomie\/lexique\/","title":{"rendered":"Lexique"},"content":{"rendered":"<table style=\"border: 1px solid #aaaaaa; padding: 1em; margin: 0em; background-color: #f9f9f9;\">\n<tbody>\n<tr>\n<td height=\"30\"><strong>Ann\u00e9e-lumi\u00e8re :<\/strong> Une ann\u00e9e-lumi\u00e8re (symbole <strong><span style=\"color: #ff6600;\">a.l.<\/span><\/strong>), est une unit\u00e9 de distance utilis\u00e9e en astronomie. Une ann\u00e9e-lumi\u00e8re est \u00e9gale \u00e0 la distance que parcourt la lumi\u00e8re dans le vide en l&rsquo;espace d&rsquo;une ann\u00e9e, soit environ 10\u00a0000 milliards de kilom\u00e8tres.<\/td>\n<\/tr>\n<tr>\n<td height=\"30\"><b>Astre<\/b>, ou <b>objet c\u00e9leste :<\/b> objet de l&rsquo;Univers.<\/td>\n<\/tr>\n<tr>\n<td height=\"30\"><strong>Graviter<\/strong> : tourner autour d&rsquo;un objet.<\/td>\n<\/tr>\n<tr>\n<td height=\"30\"><strong>Orbite :<\/strong> trajectoire que dessine dans l\u2019espace un corps autour d\u2019un autre corps.<\/td>\n<\/tr>\n<tr>\n<td height=\"30\"><strong>UAI :<\/strong> Union astronomique internationale. C\u2019est une association internationale dont l\u2019objectif est de coordonner les travaux des astronomes \u00e0 travers le monde.<\/td>\n<\/tr>\n<\/tbody>\n<\/table>\n<div id=\"attachment_6575\" style=\"width: 210px\" class=\"wp-caption alignnone\"><img loading=\"lazy\" decoding=\"async\" aria-describedby=\"caption-attachment-6575\" class=\"size-full wp-image-6575 \" src=\"http:\/\/tronic.fr\/blog\/wp-content\/uploads\/2014\/01\/Orbit3.gif\" alt=\"Orbite circulaire d'un corps  autour d'un autre corps tournant sur lui-m\u00eame\" width=\"200\" height=\"200\" \/><p id=\"caption-attachment-6575\" class=\"wp-caption-text\">Orbite circulaire d&rsquo;un corps autour d&rsquo;un autre corps tournant sur lui-m\u00eame<\/p><\/div>\n","protected":false},"excerpt":{"rendered":"<p>Ann\u00e9e-lumi\u00e8re : Une ann\u00e9e-lumi\u00e8re (symbole a.l.), est une unit\u00e9 de distance utilis\u00e9e en astronomie. Une ann\u00e9e-lumi\u00e8re est \u00e9gale \u00e0 la distance que parcourt la lumi\u00e8re dans le vide en l&rsquo;espace d&rsquo;une ann\u00e9e, soit environ&#46;&#46;&#46;<\/p>\n","protected":false},"author":1,"featured_media":0,"parent":6557,"menu_order":9,"comment_status":"closed","ping_status":"closed","template":"","meta":{"footnotes":""},"class_list":["post-6646","page","type-page","status-publish","hentry"],"_links":{"self":[{"href":"https:\/\/saturna.fr\/maitronaute\/wp-json\/wp\/v2\/pages\/6646","targetHints":{"allow":["GET"]}}],"collection":[{"href":"https:\/\/saturna.fr\/maitronaute\/wp-json\/wp\/v2\/pages"}],"about":[{"href":"https:\/\/saturna.fr\/maitronaute\/wp-json\/wp\/v2\/types\/page"}],"author":[{"embeddable":true,"href":"https:\/\/saturna.fr\/maitronaute\/wp-json\/wp\/v2\/users\/1"}],"replies":[{"embeddable":true,"href":"https:\/\/saturna.fr\/maitronaute\/wp-json\/wp\/v2\/comments?post=6646"}],"version-history":[{"count":2,"href":"https:\/\/saturna.fr\/maitronaute\/wp-json\/wp\/v2\/pages\/6646\/revisions"}],"predecessor-version":[{"id":8181,"href":"https:\/\/saturna.fr\/maitronaute\/wp-json\/wp\/v2\/pages\/6646\/revisions\/8181"}],"up":[{"embeddable":true,"href":"https:\/\/saturna.fr\/maitronaute\/wp-json\/wp\/v2\/pages\/6557"}],"wp:attachment":[{"href":"https:\/\/saturna.fr\/maitronaute\/wp-json\/wp\/v2\/media?parent=6646"}],"curies":[{"name":"wp","href":"https:\/\/api.w.org\/{rel}","templated":true}]}}