{"id":6913,"date":"2014-04-21T20:40:01","date_gmt":"2014-04-21T18:40:01","guid":{"rendered":"http:\/\/tronic.fr\/maitronaute\/?page_id=6913"},"modified":"2014-04-21T20:40:01","modified_gmt":"2014-04-21T18:40:01","slug":"la-distance-entre-les-planetes","status":"publish","type":"page","link":"https:\/\/saturna.fr\/maitronaute\/astronomie\/questions-diverses\/la-distance-entre-les-planetes\/","title":{"rendered":"La distance entre les plan\u00e8tes"},"content":{"rendered":"<p><strong>Syst\u00e8me solaire int\u00e9rieur<\/strong><br \/>\n<em>Les plan\u00e8tes ont \u00e9t\u00e9 grossies pour \u00eatre visibles.<\/em><br \/>\n<a href=\"http:\/\/tronic.fr\/blog\/wp-content\/uploads\/2014\/02\/systeme_solaire_interieur.jpg\"><img loading=\"lazy\" decoding=\"async\" class=\"alignnone size-large wp-image-6885\" alt=\"systeme_solaire_interieur\" src=\"http:\/\/tronic.fr\/blog\/wp-content\/uploads\/2014\/02\/systeme_solaire_interieur-700x393.jpg\" width=\"700\" height=\"393\" \/><\/a><\/p>\n<p><strong>Syst\u00e8me solaire ext\u00e9rieur<\/strong><br \/>\n<em>Les plan\u00e8tes ont \u00e9t\u00e9 grossies pour \u00eatre visibles.<\/em><br \/>\n<a href=\"http:\/\/tronic.fr\/blog\/wp-content\/uploads\/2014\/02\/systeme_solaire_exterieur.jpg\"><img loading=\"lazy\" decoding=\"async\" class=\"alignnone size-large wp-image-6886\" alt=\"systeme_solaire_exterieur\" src=\"http:\/\/tronic.fr\/blog\/wp-content\/uploads\/2014\/02\/systeme_solaire_exterieur-700x393.jpg\" width=\"700\" height=\"393\" \/><\/a><\/p>\n","protected":false},"excerpt":{"rendered":"<p>Syst\u00e8me solaire int\u00e9rieur Les plan\u00e8tes ont \u00e9t\u00e9 grossies pour \u00eatre visibles. Syst\u00e8me solaire ext\u00e9rieur Les plan\u00e8tes ont \u00e9t\u00e9 grossies pour \u00eatre visibles.<\/p>\n","protected":false},"author":1,"featured_media":0,"parent":6905,"menu_order":0,"comment_status":"closed","ping_status":"open","template":"","meta":{"footnotes":""},"class_list":["post-6913","page","type-page","status-publish","hentry"],"_links":{"self":[{"href":"https:\/\/saturna.fr\/maitronaute\/wp-json\/wp\/v2\/pages\/6913","targetHints":{"allow":["GET"]}}],"collection":[{"href":"https:\/\/saturna.fr\/maitronaute\/wp-json\/wp\/v2\/pages"}],"about":[{"href":"https:\/\/saturna.fr\/maitronaute\/wp-json\/wp\/v2\/types\/page"}],"author":[{"embeddable":true,"href":"https:\/\/saturna.fr\/maitronaute\/wp-json\/wp\/v2\/users\/1"}],"replies":[{"embeddable":true,"href":"https:\/\/saturna.fr\/maitronaute\/wp-json\/wp\/v2\/comments?post=6913"}],"version-history":[{"count":1,"href":"https:\/\/saturna.fr\/maitronaute\/wp-json\/wp\/v2\/pages\/6913\/revisions"}],"predecessor-version":[{"id":6914,"href":"https:\/\/saturna.fr\/maitronaute\/wp-json\/wp\/v2\/pages\/6913\/revisions\/6914"}],"up":[{"embeddable":true,"href":"https:\/\/saturna.fr\/maitronaute\/wp-json\/wp\/v2\/pages\/6905"}],"wp:attachment":[{"href":"https:\/\/saturna.fr\/maitronaute\/wp-json\/wp\/v2\/media?parent=6913"}],"curies":[{"name":"wp","href":"https:\/\/api.w.org\/{rel}","templated":true}]}}