{"id":6915,"date":"2014-04-21T20:40:44","date_gmt":"2014-04-21T18:40:44","guid":{"rendered":"http:\/\/tronic.fr\/maitronaute\/?page_id=6915"},"modified":"2014-04-21T20:40:44","modified_gmt":"2014-04-21T18:40:44","slug":"la-taille-des-astres","status":"publish","type":"page","link":"https:\/\/saturna.fr\/maitronaute\/astronomie\/questions-diverses\/la-taille-des-astres\/","title":{"rendered":"La taille des astres"},"content":{"rendered":"<p><strong>Taille relative de la Terre et de la Lune<\/strong><br \/>\n<a href=\"http:\/\/tronic.fr\/blog\/wp-content\/uploads\/2014\/02\/earth_moon_size.jpg\"><img loading=\"lazy\" decoding=\"async\" class=\"alignnone size-large wp-image-6872\" alt=\"earth_moon_size\" src=\"http:\/\/tronic.fr\/blog\/wp-content\/uploads\/2014\/02\/earth_moon_size-700x393.jpg\" width=\"700\" height=\"393\" \/><\/a><\/p>\n<p><strong>Tailles relatives des plan\u00e8tes du syst\u00e8me solaire<\/strong><br \/>\n<a href=\"http:\/\/tronic.fr\/blog\/wp-content\/uploads\/2014\/02\/size_planets.jpg\"><img loading=\"lazy\" decoding=\"async\" class=\"alignnone size-large wp-image-6874\" alt=\"size_planets\" src=\"http:\/\/tronic.fr\/blog\/wp-content\/uploads\/2014\/02\/size_planets-700x393.jpg\" width=\"700\" height=\"393\" \/><\/a><\/p>\n<p><strong><br \/>\nTaille relative du soleil et des plan\u00e8tes<\/strong><br \/>\n<a href=\"http:\/\/tronic.fr\/blog\/wp-content\/uploads\/2014\/02\/size_sun_planets.jpg\"><img loading=\"lazy\" decoding=\"async\" class=\"alignnone size-large wp-image-6876\" alt=\"size_sun_planets\" src=\"http:\/\/tronic.fr\/blog\/wp-content\/uploads\/2014\/02\/size_sun_planets-700x393.jpg\" width=\"700\" height=\"393\" \/><\/a><\/p>\n<p><strong>Taille relative des plan\u00e8tes telluriques<\/strong><br \/>\n<a href=\"http:\/\/tronic.fr\/blog\/wp-content\/uploads\/2014\/02\/planets_tellu_size.jpg\"><img loading=\"lazy\" decoding=\"async\" class=\"alignnone size-large wp-image-6877\" alt=\"planets_tellu_size\" src=\"http:\/\/tronic.fr\/blog\/wp-content\/uploads\/2014\/02\/planets_tellu_size-700x393.jpg\" width=\"700\" height=\"393\" \/><\/a><\/p>\n<p><strong>Taille relative des satellites du syst\u00e8me solaire<\/strong><br \/>\n<a href=\"http:\/\/tronic.fr\/blog\/wp-content\/uploads\/2014\/02\/sat_size.jpg\"><img loading=\"lazy\" decoding=\"async\" class=\"alignnone size-large wp-image-6879\" alt=\"sat_size\" src=\"http:\/\/tronic.fr\/blog\/wp-content\/uploads\/2014\/02\/sat_size-700x393.jpg\" width=\"700\" height=\"393\" \/><\/a><\/p>\n<p><strong>Les plan\u00e8tes du Syst\u00e8me solaire, notre Soleil et les autres soleils \u00e0 la m\u00eame \u00e9chelle :<\/strong><\/p>\n<p><object width=\"640\" height=\"480\" classid=\"clsid:d27cdb6e-ae6d-11cf-96b8-444553540000\" codebase=\"http:\/\/download.macromedia.com\/pub\/shockwave\/cabs\/flash\/swflash.cab#version=6,0,40,0\"><param name=\"allowFullScreen\" value=\"true\" \/><param name=\"allowscriptaccess\" value=\"always\" \/><param name=\"src\" value=\"\/\/www.youtube-nocookie.com\/v\/IV65y7nIva0?version=3&amp;hl=fr_FR&amp;rel=0\" \/><param name=\"allowfullscreen\" value=\"true\" \/><embed width=\"640\" height=\"480\" type=\"application\/x-shockwave-flash\" src=\"\/\/www.youtube-nocookie.com\/v\/IV65y7nIva0?version=3&amp;hl=fr_FR&amp;rel=0\" allowFullScreen=\"true\" allowscriptaccess=\"always\" allowfullscreen=\"true\" \/><\/object><\/p>\n<p><iframe loading=\"lazy\" src=\"http:\/\/www.dailymotion.com\/embed\/video\/x171ghf\" height=\"270\" width=\"480\" allowfullscreen=\"\" frameborder=\"0\"><\/iframe><br \/>\n<a href=\"http:\/\/www.dailymotion.com\/video\/x171ghf_comparaison-des-tailles-de-planetes-dans-l-espace_news\" target=\"_blank\">Comparaison des tailles de plan\u00e8tes dans l&rsquo;espace<\/a><\/p>\n<p>Noms des plan\u00e8tes par liste d&rsquo;apparition :<\/p>\n<ol>\n<li>Terre : 6 378 km de rayon<\/li>\n<li>Lune : 1 738 km de rayon<\/li>\n<li>Mercure : 2 439 km de rayon<\/li>\n<li>Mars : 3 397 km de rayon<\/li>\n<li>Venus : 6 052 km de rayon<\/li>\n<li>Neptune : 25 269 km de rayon<\/li>\n<li>Pluton : 1160 km de rayon<\/li>\n<li>Uranus : 25 559 km de rayon<\/li>\n<li>Saturne : 60 268 km de rayon<\/li>\n<li>Jupiter : 71 490 km de rayon<\/li>\n<li>Soleil : 1 392 684 km de rayon<\/li>\n<li><a href=\"http:\/\/fr.wikipedia.org\/wiki\/Betelgeuse\" target=\"_blank\"><strong>B\u00e9telgeuse<\/strong><\/a> : 1 323 049 800 km de rayon<\/li>\n<li><a href=\"http:\/\/fr.wikipedia.org\/wiki\/NML_Cygni\" target=\"_blank\"><strong>NML Cygni<\/strong><\/a> : 2 297 928 600 km de rayon<\/li>\n<\/ol>\n<p><object width=\"853\" height=\"480\" classid=\"clsid:d27cdb6e-ae6d-11cf-96b8-444553540000\" codebase=\"http:\/\/download.macromedia.com\/pub\/shockwave\/cabs\/flash\/swflash.cab#version=6,0,40,0\"><param name=\"allowFullScreen\" value=\"true\" \/><param name=\"allowscriptaccess\" value=\"always\" \/><param name=\"src\" value=\"\/\/www.youtube-nocookie.com\/v\/HEheh1BH34Q?hl=fr_FR&amp;version=3&amp;rel=0\" \/><param name=\"allowfullscreen\" value=\"true\" \/><embed width=\"853\" height=\"480\" type=\"application\/x-shockwave-flash\" src=\"\/\/www.youtube-nocookie.com\/v\/HEheh1BH34Q?hl=fr_FR&amp;version=3&amp;rel=0\" allowFullScreen=\"true\" allowscriptaccess=\"always\" allowfullscreen=\"true\" \/><\/object><\/p>\n","protected":false},"excerpt":{"rendered":"<p>Taille relative de la Terre et de la Lune Tailles relatives des plan\u00e8tes du syst\u00e8me solaire Taille relative du soleil et des plan\u00e8tes Taille relative des plan\u00e8tes telluriques Taille relative des satellites du syst\u00e8me&#46;&#46;&#46;<\/p>\n","protected":false},"author":1,"featured_media":0,"parent":6905,"menu_order":0,"comment_status":"closed","ping_status":"open","template":"","meta":{"footnotes":""},"class_list":["post-6915","page","type-page","status-publish","hentry"],"_links":{"self":[{"href":"https:\/\/saturna.fr\/maitronaute\/wp-json\/wp\/v2\/pages\/6915","targetHints":{"allow":["GET"]}}],"collection":[{"href":"https:\/\/saturna.fr\/maitronaute\/wp-json\/wp\/v2\/pages"}],"about":[{"href":"https:\/\/saturna.fr\/maitronaute\/wp-json\/wp\/v2\/types\/page"}],"author":[{"embeddable":true,"href":"https:\/\/saturna.fr\/maitronaute\/wp-json\/wp\/v2\/users\/1"}],"replies":[{"embeddable":true,"href":"https:\/\/saturna.fr\/maitronaute\/wp-json\/wp\/v2\/comments?post=6915"}],"version-history":[{"count":1,"href":"https:\/\/saturna.fr\/maitronaute\/wp-json\/wp\/v2\/pages\/6915\/revisions"}],"predecessor-version":[{"id":6916,"href":"https:\/\/saturna.fr\/maitronaute\/wp-json\/wp\/v2\/pages\/6915\/revisions\/6916"}],"up":[{"embeddable":true,"href":"https:\/\/saturna.fr\/maitronaute\/wp-json\/wp\/v2\/pages\/6905"}],"wp:attachment":[{"href":"https:\/\/saturna.fr\/maitronaute\/wp-json\/wp\/v2\/media?parent=6915"}],"curies":[{"name":"wp","href":"https:\/\/api.w.org\/{rel}","templated":true}]}}